{"id":2991,"date":"2014-11-28T09:49:13","date_gmt":"2014-11-28T08:49:13","guid":{"rendered":"http:\/\/puntoacapo.net\/javey\/fr\/?page_id=2991"},"modified":"2024-02-29T11:37:38","modified_gmt":"2024-02-29T10:37:38","slug":"al-servizio-dei-nostri-clienti","status":"publish","type":"page","link":"https:\/\/www.javey.com\/javey\/ita\/al-servizio-dei-nostri-clienti\/","title":{"rendered":"Al servizio dei nostri clienti"},"content":{"rendered":"\n\t\t\t<!-- START al servizio dei clienti ok REVOLUTION SLIDER 6.6.20 --><p class=\"rs-p-wp-fix\"><\/p>\n\t\t\t<rs-module-wrap id=\"rev_slider_10_1_wrapper\" data-source=\"gallery\" data-aimg=\"\"  style=\"visibility:hidden;background:#f35712;padding:0;margin:0px auto;margin-top:0;margin-bottom:0;\">\n\t\t\t\t<rs-module id=\"rev_slider_10_1\" style=\"\" data-version=\"6.6.20\">\n\t\t\t\t\t<rs-slides style=\"overflow: hidden; position: absolute;\">\n\t\t\t\t\t\t<rs-slide style=\"position: absolute;\" data-key=\"rs-94\" data-title=\"Slide\" data-anim=\"adpr:false;\">\n\t\t\t\t\t\t\t<img decoding=\"async\" src=\"\/\/www.javey.com\/javey\/ita\/wp-content\/plugins\/revslider\/public\/assets\/assets\/dummy.png\" alt=\"\" title=\"Al servizio dei nostri clienti\" class=\"rev-slidebg tp-rs-img rs-lazyload\" data-lazyload=\"\/\/www.javey.com\/javey\/ita\/wp-content\/uploads\/sites\/3\/2015\/01\/auservice1_javey.jpg\" data-bg=\"p:center top;\" data-no-retina>\n<!--\n\t\t\t\t\t\t\t--><rs-layer\n\t\t\t\t\t\t\t\tid=\"slider-10-slide-94-layer-1\" \n\t\t\t\t\t\t\t\tclass=\"largewhitebg\"\n\t\t\t\t\t\t\t\tdata-type=\"text\"\n\t\t\t\t\t\t\t\tdata-color=\"#ffffff\"\n\t\t\t\t\t\t\t\tdata-rsp_ch=\"on\"\n\t\t\t\t\t\t\t\tdata-xy=\"x:10px;y:b;yo:10px;\"\n\t\t\t\t\t\t\t\tdata-text=\"s:20;l:40;fw:300;\"\n\t\t\t\t\t\t\t\tdata-padding=\"r:20;l:20;\"\n\t\t\t\t\t\t\t\tdata-frame_1=\"st:500;sp:600;\"\n\t\t\t\t\t\t\t\tdata-frame_999=\"st:w;auto:true;\"\n\t\t\t\t\t\t\t\tstyle=\"z-index:5;background-color:rgba(0,0,0,0.42);font-family:'Arial', 'Helvetica', 'sans-serif';text-shadow:none;\"\n\t\t\t\t\t\t\t>Presso la nostra sede, un impiegato si occupa specificamente di preventivi e ordini \n\t\t\t\t\t\t\t<\/rs-layer><!--\n-->\t\t\t\t\t\t<\/rs-slide>\n\t\t\t\t\t\t<rs-slide style=\"position: absolute;\" data-key=\"rs-95\" data-title=\"Slide\" data-anim=\"adpr:false;\">\n\t\t\t\t\t\t\t<img decoding=\"async\" src=\"\/\/www.javey.com\/javey\/ita\/wp-content\/plugins\/revslider\/public\/assets\/assets\/dummy.png\" alt=\"\" title=\"Al servizio dei nostri clienti\" class=\"rev-slidebg tp-rs-img rs-lazyload\" data-lazyload=\"\/\/www.javey.com\/javey\/ita\/wp-content\/uploads\/sites\/3\/2015\/01\/auservice2a_javey.jpg\" data-bg=\"p:center top;\" data-no-retina>\n<!--\n\t\t\t\t\t\t\t--><rs-layer\n\t\t\t\t\t\t\t\tid=\"slider-10-slide-95-layer-1\" \n\t\t\t\t\t\t\t\tclass=\"largewhitebg\"\n\t\t\t\t\t\t\t\tdata-type=\"text\"\n\t\t\t\t\t\t\t\tdata-color=\"#ffffff\"\n\t\t\t\t\t\t\t\tdata-rsp_ch=\"on\"\n\t\t\t\t\t\t\t\tdata-xy=\"x:10px;y:b;yo:10px;\"\n\t\t\t\t\t\t\t\tdata-text=\"s:20;l:40;fw:300;\"\n\t\t\t\t\t\t\t\tdata-padding=\"r:20;l:20;\"\n\t\t\t\t\t\t\t\tdata-frame_1=\"st:500;sp:600;\"\n\t\t\t\t\t\t\t\tdata-frame_999=\"st:w;auto:true;\"\n\t\t\t\t\t\t\t\tstyle=\"z-index:5;background-color:rgba(0,0,0,0.42);font-family:'Arial', 'Helvetica', 'sans-serif';text-shadow:none;\"\n\t\t\t\t\t\t\t>Show-room \n\t\t\t\t\t\t\t<\/rs-layer><!--\n-->\t\t\t\t\t\t<\/rs-slide>\n\t\t\t\t\t\t<rs-slide style=\"position: absolute;\" data-key=\"rs-96\" data-title=\"Slide\" data-anim=\"adpr:false;\">\n\t\t\t\t\t\t\t<img decoding=\"async\" src=\"\/\/www.javey.com\/javey\/ita\/wp-content\/plugins\/revslider\/public\/assets\/assets\/dummy.png\" alt=\"\" title=\"Al servizio dei nostri clienti\" class=\"rev-slidebg tp-rs-img rs-lazyload\" data-lazyload=\"\/\/www.javey.com\/javey\/ita\/wp-content\/uploads\/sites\/3\/2015\/01\/auservice3_javey.jpg\" data-bg=\"p:center top;\" data-no-retina>\n<!--\n\t\t\t\t\t\t\t--><rs-layer\n\t\t\t\t\t\t\t\tid=\"slider-10-slide-96-layer-1\" \n\t\t\t\t\t\t\t\tclass=\"largewhitebg\"\n\t\t\t\t\t\t\t\tdata-type=\"text\"\n\t\t\t\t\t\t\t\tdata-color=\"#ffffff\"\n\t\t\t\t\t\t\t\tdata-rsp_ch=\"on\"\n\t\t\t\t\t\t\t\tdata-xy=\"x:10px;y:b;yo:10px;\"\n\t\t\t\t\t\t\t\tdata-text=\"s:20;l:40;fw:300;\"\n\t\t\t\t\t\t\t\tdata-padding=\"r:20;l:20;\"\n\t\t\t\t\t\t\t\tdata-frame_1=\"st:500;sp:600;\"\n\t\t\t\t\t\t\t\tdata-frame_999=\"st:w;auto:true;\"\n\t\t\t\t\t\t\t\tstyle=\"z-index:5;background-color:rgba(0,0,0,0.42);font-family:'Arial', 'Helvetica', 'sans-serif';text-shadow:none;\"\n\t\t\t\t\t\t\t>I nostri tecnici studiano i vostri progetti speciali \n\t\t\t\t\t\t\t<\/rs-layer><!--\n-->\t\t\t\t\t\t<\/rs-slide>\n\t\t\t\t\t\t<rs-slide style=\"position: absolute;\" data-key=\"rs-98\" data-title=\"Slide\" data-anim=\"adpr:false;\">\n\t\t\t\t\t\t\t<img decoding=\"async\" src=\"\/\/www.javey.com\/javey\/ita\/wp-content\/plugins\/revslider\/public\/assets\/assets\/dummy.png\" alt=\"\" title=\"Al servizio dei nostri clienti\" class=\"rev-slidebg tp-rs-img rs-lazyload\" data-lazyload=\"\/\/www.javey.com\/javey\/ita\/wp-content\/uploads\/sites\/3\/2015\/01\/auservice4_javey.jpg\" data-bg=\"p:center top;\" data-no-retina>\n<!--\n\t\t\t\t\t\t\t--><rs-layer\n\t\t\t\t\t\t\t\tid=\"slider-10-slide-98-layer-1\" \n\t\t\t\t\t\t\t\tclass=\"largewhitebg\"\n\t\t\t\t\t\t\t\tdata-type=\"text\"\n\t\t\t\t\t\t\t\tdata-color=\"#ffffff\"\n\t\t\t\t\t\t\t\tdata-rsp_ch=\"on\"\n\t\t\t\t\t\t\t\tdata-xy=\"x:10px;y:b;yo:10px;\"\n\t\t\t\t\t\t\t\tdata-text=\"s:20;l:40;fw:300;\"\n\t\t\t\t\t\t\t\tdata-padding=\"r:20;l:20;\"\n\t\t\t\t\t\t\t\tdata-frame_1=\"st:500;sp:600;\"\n\t\t\t\t\t\t\t\tdata-frame_999=\"st:w;auto:true;\"\n\t\t\t\t\t\t\t\tstyle=\"z-index:5;background-color:rgba(0,0,0,0.42);font-family:'Arial', 'Helvetica', 'sans-serif';text-shadow:none;\"\n\t\t\t\t\t\t\t>Formazione personalizzata \n\t\t\t\t\t\t\t<\/rs-layer><!--\n-->\t\t\t\t\t\t<\/rs-slide>\n\t\t\t\t\t\t<rs-slide style=\"position: absolute;\" data-key=\"rs-97\" data-title=\"Slide\" data-anim=\"adpr:false;\">\n\t\t\t\t\t\t\t<img decoding=\"async\" src=\"\/\/www.javey.com\/javey\/ita\/wp-content\/plugins\/revslider\/public\/assets\/assets\/dummy.png\" alt=\"\" title=\"Al servizio dei nostri clienti\" class=\"rev-slidebg tp-rs-img rs-lazyload\" data-lazyload=\"\/\/www.javey.com\/javey\/ita\/wp-content\/uploads\/sites\/3\/2015\/01\/auservice5_javey.jpg\" data-bg=\"p:center top;\" data-no-retina>\n<!--\n\t\t\t\t\t\t\t--><rs-layer\n\t\t\t\t\t\t\t\tid=\"slider-10-slide-97-layer-1\" \n\t\t\t\t\t\t\t\tclass=\"largewhitebg\"\n\t\t\t\t\t\t\t\tdata-type=\"text\"\n\t\t\t\t\t\t\t\tdata-color=\"#ffffff\"\n\t\t\t\t\t\t\t\tdata-rsp_ch=\"on\"\n\t\t\t\t\t\t\t\tdata-xy=\"x:10px;y:b;yo:10px;\"\n\t\t\t\t\t\t\t\tdata-text=\"s:20;l:40;fw:300;\"\n\t\t\t\t\t\t\t\tdata-padding=\"r:20;l:20;\"\n\t\t\t\t\t\t\t\tdata-frame_1=\"st:500;sp:600;\"\n\t\t\t\t\t\t\t\tdata-frame_999=\"st:w;auto:true;\"\n\t\t\t\t\t\t\t\tstyle=\"z-index:5;background-color:rgba(0,0,0,0.42);font-family:'Arial', 'Helvetica', 'sans-serif';text-shadow:none;\"\n\t\t\t\t\t\t\t>Assistenza tecnica telefonica \n\t\t\t\t\t\t\t<\/rs-layer><!--\n-->\t\t\t\t\t\t<\/rs-slide>\n\t\t\t\t\t\t<rs-slide style=\"position: absolute;\" data-key=\"rs-99\" data-title=\"Slide\" data-anim=\"adpr:false;\">\n\t\t\t\t\t\t\t<img decoding=\"async\" src=\"\/\/www.javey.com\/javey\/ita\/wp-content\/plugins\/revslider\/public\/assets\/assets\/dummy.png\" alt=\"\" title=\"Al servizio dei nostri clienti\" class=\"rev-slidebg tp-rs-img rs-lazyload\" data-lazyload=\"\/\/www.javey.com\/javey\/ita\/wp-content\/uploads\/sites\/3\/2015\/01\/auservice6_javey.jpg\" data-bg=\"p:center top;\" data-no-retina>\n<!--\n\t\t\t\t\t\t\t--><rs-layer\n\t\t\t\t\t\t\t\tid=\"slider-10-slide-99-layer-1\" \n\t\t\t\t\t\t\t\tclass=\"largewhitebg\"\n\t\t\t\t\t\t\t\tdata-type=\"text\"\n\t\t\t\t\t\t\t\tdata-color=\"#ffffff\"\n\t\t\t\t\t\t\t\tdata-rsp_ch=\"on\"\n\t\t\t\t\t\t\t\tdata-xy=\"x:10px;y:b;yo:10px;\"\n\t\t\t\t\t\t\t\tdata-text=\"s:20;l:40;fw:300;\"\n\t\t\t\t\t\t\t\tdata-padding=\"r:20;l:20;\"\n\t\t\t\t\t\t\t\tdata-frame_1=\"st:500;sp:600;\"\n\t\t\t\t\t\t\t\tdata-frame_999=\"st:w;auto:true;\"\n\t\t\t\t\t\t\t\tstyle=\"z-index:5;background-color:rgba(0,0,0,0.42);font-family:'Arial', 'Helvetica', 'sans-serif';text-shadow:none;\"\n\t\t\t\t\t\t\t>Assistenza sul cantiere per la posa in opera \n\t\t\t\t\t\t\t<\/rs-layer><!--\n-->\t\t\t\t\t\t<\/rs-slide>\n\t\t\t\t\t<\/rs-slides>\n\t\t\t\t<\/rs-module>\n\t\t\t\t<script>\n\t\t\t\t\tsetREVStartSize({c: 'rev_slider_10_1',rl:[1240,1024,778,480],el:[],gw:[960],gh:[350],type:'standard',justify:'',layout:'fullwidth',mh:\"350\"});if (window.RS_MODULES!==undefined && window.RS_MODULES.modules!==undefined && window.RS_MODULES.modules[\"revslider101\"]!==undefined) {window.RS_MODULES.modules[\"revslider101\"].once = false;window.revapi10 = undefined;if (window.RS_MODULES.checkMinimal!==undefined) window.RS_MODULES.checkMinimal()}\n\t\t\t\t<\/script>\n\t\t\t<\/rs-module-wrap>\n\t\t\t<!-- END REVOLUTION SLIDER -->\n\n<p>&nbsp;<\/p>\n<p style=\"text-align: justify;\"><strong><img decoding=\"async\" src=\"..\/wp-content\/uploads\/sites\/3\/2015\/04\/auservice.png\" alt=\"\" \/>Un rapporto su misura con il cliente<\/strong><\/p>\n<p align=\"JUSTIFY\">Per JAVEY voi non siete un numero anonimo, ma una persona da ascoltare. In quanto cliente professionale, avrete a vostra disposizione un addetto del servizio commerciale e potrete beneficiare di numerosi servizi: formazione, assistenza telefonica o direttamente sul cantiere.<\/p>\n<p style=\"text-align: justify;\"><strong><img decoding=\"async\" src=\"..\/wp-content\/uploads\/sites\/3\/2015\/04\/auservice.png\" alt=\"\" \/>Esperti al vostro servizio<\/strong><\/p>\n<p align=\"JUSTIFY\">L\u2019affidabilit\u00e0 del personale di JAVEY \u00e8 un ulteriore vantaggio per i nostri clienti. Con la loro professionalit\u00e0, la loro versatilit\u00e0 ed il loro entusiasmo, i nostri collaboratori si impegnano al massimo per soddisfarvi.<\/p>\n<p align=\"JUSTIFY\">L&#8217;esperienza di JAVEY \u00e8 riconosciuta anche dalla partecipazione da oltre quindici anni alla commissione di normalizzazione P25B, che elabora normative e documenti di riferimento per porte e portoni industriali, commerciali e residenziali.<\/p>\n<p style=\"text-align: justify;\"><strong><img decoding=\"async\" src=\"..\/wp-content\/uploads\/sites\/3\/2015\/04\/auservice.png\" alt=\"\" \/>Il fattore umano al centro della nostra attivit\u00e0<\/strong><\/p>\n<p align=\"JUSTIFY\">Non \u00e8 un caso che siamo raccomandati dai nostri collaboratori. In quanto societ\u00e0 di famiglia, attribuiamo una grande importanza alle persone.<\/p>\n<p align=\"JUSTIFY\">La nostra ricchezza sono anche i giovani che ci circondano: ex apprendisti che abbiamo assunto, stagisti a tutti i livelli che accogliamo tutti gli anni, allievi a cui facciamo scoprire il nostro mestiere.<\/p>\n","protected":false},"excerpt":{"rendered":"<p>&nbsp; Un rapporto su misura con il cliente Per JAVEY voi non siete un numero anonimo, ma una persona da ascoltare. In quanto cliente professionale, avrete<span class=\"excerpt-hellip\"> [\u2026]<\/span><\/p>\n","protected":false},"author":1,"featured_media":0,"parent":0,"menu_order":0,"comment_status":"closed","ping_status":"closed","template":"","meta":{"ngg_post_thumbnail":0,"footnotes":""},"class_list":["post-2991","page","type-page","status-publish","hentry"],"aioseo_notices":[],"_links":{"self":[{"href":"https:\/\/www.javey.com\/javey\/ita\/wp-json\/wp\/v2\/pages\/2991","targetHints":{"allow":["GET"]}}],"collection":[{"href":"https:\/\/www.javey.com\/javey\/ita\/wp-json\/wp\/v2\/pages"}],"about":[{"href":"https:\/\/www.javey.com\/javey\/ita\/wp-json\/wp\/v2\/types\/page"}],"author":[{"embeddable":true,"href":"https:\/\/www.javey.com\/javey\/ita\/wp-json\/wp\/v2\/users\/1"}],"replies":[{"embeddable":true,"href":"https:\/\/www.javey.com\/javey\/ita\/wp-json\/wp\/v2\/comments?post=2991"}],"version-history":[{"count":9,"href":"https:\/\/www.javey.com\/javey\/ita\/wp-json\/wp\/v2\/pages\/2991\/revisions"}],"predecessor-version":[{"id":6970,"href":"https:\/\/www.javey.com\/javey\/ita\/wp-json\/wp\/v2\/pages\/2991\/revisions\/6970"}],"wp:attachment":[{"href":"https:\/\/www.javey.com\/javey\/ita\/wp-json\/wp\/v2\/media?parent=2991"}],"curies":[{"name":"wp","href":"https:\/\/api.w.org\/{rel}","templated":true}]}}