{"id":2980,"date":"2014-11-28T09:46:48","date_gmt":"2014-11-28T08:46:48","guid":{"rendered":"http:\/\/puntoacapo.net\/javey\/fr\/?page_id=2980"},"modified":"2024-02-29T11:36:36","modified_gmt":"2024-02-29T10:36:36","slug":"studi-innovazione","status":"publish","type":"page","link":"https:\/\/www.javey.com\/javey\/ita\/studi-innovazione\/","title":{"rendered":"Studi &#038; Innovazione"},"content":{"rendered":"\n\t\t\t<!-- START studi e innovazione REVOLUTION SLIDER 6.6.20 --><p class=\"rs-p-wp-fix\"><\/p>\n\t\t\t<rs-module-wrap id=\"rev_slider_47_1_wrapper\" data-source=\"gallery\" data-aimg=\"\"  style=\"visibility:hidden;background:#f35712;padding:0;margin:0px auto;margin-top:0;margin-bottom:0;\">\n\t\t\t\t<rs-module id=\"rev_slider_47_1\" style=\"\" data-version=\"6.6.20\">\n\t\t\t\t\t<rs-slides style=\"overflow: hidden; position: absolute;\">\n\t\t\t\t\t\t<rs-slide style=\"position: absolute;\" data-key=\"rs-290\" data-title=\"Slide\" data-anim=\"adpr:false;\">\n\t\t\t\t\t\t\t<img decoding=\"async\" src=\"\/\/www.javey.com\/javey\/ita\/wp-content\/plugins\/revslider\/public\/assets\/assets\/dummy.png\" alt=\"\" title=\"Studi &#038; Innovazione\" class=\"rev-slidebg tp-rs-img rs-lazyload\" data-lazyload=\"\/\/www.javey.com\/javey\/ita\/wp-content\/uploads\/sites\/3\/2015\/01\/etudes1_javey.jpg\" data-bg=\"p:center top;\" data-no-retina>\n<!--\n\t\t\t\t\t\t\t--><rs-layer\n\t\t\t\t\t\t\t\tid=\"slider-47-slide-290-layer-1\" \n\t\t\t\t\t\t\t\tclass=\"largewhitebg\"\n\t\t\t\t\t\t\t\tdata-type=\"text\"\n\t\t\t\t\t\t\t\tdata-color=\"#ffffff\"\n\t\t\t\t\t\t\t\tdata-rsp_ch=\"on\"\n\t\t\t\t\t\t\t\tdata-xy=\"x:10px;y:b;yo:10px;\"\n\t\t\t\t\t\t\t\tdata-text=\"s:20;l:40;fw:300;\"\n\t\t\t\t\t\t\t\tdata-padding=\"r:20;l:20;\"\n\t\t\t\t\t\t\t\tdata-frame_1=\"st:500;sp:600;\"\n\t\t\t\t\t\t\t\tdata-frame_999=\"st:w;auto:true;\"\n\t\t\t\t\t\t\t\tstyle=\"z-index:5;background-color:rgba(0,0,0,0.42);font-family:'Arial', 'Helvetica', 'sans-serif';text-shadow:none;\"\n\t\t\t\t\t\t\t>Innoviamo per voi \n\t\t\t\t\t\t\t<\/rs-layer><!--\n-->\t\t\t\t\t\t<\/rs-slide>\n\t\t\t\t\t\t<rs-slide style=\"position: absolute;\" data-key=\"rs-291\" data-title=\"Slide\" data-anim=\"adpr:false;\">\n\t\t\t\t\t\t\t<img decoding=\"async\" src=\"\/\/www.javey.com\/javey\/ita\/wp-content\/plugins\/revslider\/public\/assets\/assets\/dummy.png\" alt=\"\" title=\"Studi &#038; Innovazione\" class=\"rev-slidebg tp-rs-img rs-lazyload\" data-lazyload=\"\/\/www.javey.com\/javey\/ita\/wp-content\/uploads\/sites\/3\/2015\/01\/etudes2_javey.jpg\" data-bg=\"p:center top;\" data-no-retina>\n<!--\n\t\t\t\t\t\t\t--><rs-layer\n\t\t\t\t\t\t\t\tid=\"slider-47-slide-291-layer-1\" \n\t\t\t\t\t\t\t\tclass=\"largewhitebg\"\n\t\t\t\t\t\t\t\tdata-type=\"text\"\n\t\t\t\t\t\t\t\tdata-color=\"#ffffff\"\n\t\t\t\t\t\t\t\tdata-rsp_ch=\"on\"\n\t\t\t\t\t\t\t\tdata-xy=\"x:10px;y:b;yo:10px;\"\n\t\t\t\t\t\t\t\tdata-text=\"s:20;l:40;fw:300;\"\n\t\t\t\t\t\t\t\tdata-padding=\"r:20;l:20;\"\n\t\t\t\t\t\t\t\tdata-frame_1=\"st:500;sp:600;\"\n\t\t\t\t\t\t\t\tdata-frame_999=\"st:w;auto:true;\"\n\t\t\t\t\t\t\t\tstyle=\"z-index:5;background-color:rgba(0,0,0,0.42);font-family:'Arial', 'Helvetica', 'sans-serif';text-shadow:none;\"\n\t\t\t\t\t\t\t>Innovazione costante per i prodotti \n\t\t\t\t\t\t\t<\/rs-layer><!--\n-->\t\t\t\t\t\t<\/rs-slide>\n\t\t\t\t\t\t<rs-slide style=\"position: absolute;\" data-key=\"rs-292\" data-title=\"Slide\" data-anim=\"adpr:false;\">\n\t\t\t\t\t\t\t<img decoding=\"async\" src=\"\/\/www.javey.com\/javey\/ita\/wp-content\/plugins\/revslider\/public\/assets\/assets\/dummy.png\" alt=\"\" title=\"Studi &#038; Innovazione\" class=\"rev-slidebg tp-rs-img rs-lazyload\" data-lazyload=\"\/\/www.javey.com\/javey\/ita\/wp-content\/uploads\/sites\/3\/2015\/09\/etudes3a_javey.jpg\" data-bg=\"p:0% 70%;\" data-no-retina>\n<!--\n\t\t\t\t\t\t\t--><rs-layer\n\t\t\t\t\t\t\t\tid=\"slider-47-slide-292-layer-1\" \n\t\t\t\t\t\t\t\tclass=\"largewhitebg\"\n\t\t\t\t\t\t\t\tdata-type=\"text\"\n\t\t\t\t\t\t\t\tdata-color=\"#ffffff\"\n\t\t\t\t\t\t\t\tdata-rsp_ch=\"on\"\n\t\t\t\t\t\t\t\tdata-xy=\"x:10px;y:b;yo:10px;\"\n\t\t\t\t\t\t\t\tdata-text=\"s:20;l:40;fw:300;\"\n\t\t\t\t\t\t\t\tdata-padding=\"r:20;l:20;\"\n\t\t\t\t\t\t\t\tdata-frame_1=\"st:500;sp:600;\"\n\t\t\t\t\t\t\t\tdata-frame_999=\"st:w;auto:true;\"\n\t\t\t\t\t\t\t\tstyle=\"z-index:5;background-color:rgba(0,0,0,0.42);font-family:'Arial', 'Helvetica', 'sans-serif';text-shadow:none;\"\n\t\t\t\t\t\t\t>Stampanti 3D per il settore Ricerca & Sviluppo \n\t\t\t\t\t\t\t<\/rs-layer><!--\n-->\t\t\t\t\t\t<\/rs-slide>\n\t\t\t\t\t\t<rs-slide style=\"position: absolute;\" data-key=\"rs-295\" data-title=\"Slide\" data-anim=\"adpr:false;\">\n\t\t\t\t\t\t\t<img decoding=\"async\" src=\"\/\/www.javey.com\/javey\/ita\/wp-content\/plugins\/revslider\/public\/assets\/assets\/dummy.png\" alt=\"\" title=\"Studi &#038; Innovazione\" class=\"rev-slidebg tp-rs-img rs-lazyload\" data-lazyload=\"\/\/www.javey.com\/javey\/ita\/wp-content\/uploads\/sites\/3\/2015\/01\/etudes4_javey.jpg\" data-bg=\"p:center top;\" data-no-retina>\n<!--\n\t\t\t\t\t\t\t--><rs-layer\n\t\t\t\t\t\t\t\tid=\"slider-47-slide-295-layer-1\" \n\t\t\t\t\t\t\t\tclass=\"largewhitebg\"\n\t\t\t\t\t\t\t\tdata-type=\"text\"\n\t\t\t\t\t\t\t\tdata-color=\"#ffffff\"\n\t\t\t\t\t\t\t\tdata-rsp_ch=\"on\"\n\t\t\t\t\t\t\t\tdata-xy=\"x:10px;y:b;yo:10px;\"\n\t\t\t\t\t\t\t\tdata-text=\"s:20;l:40;fw:300;\"\n\t\t\t\t\t\t\t\tdata-padding=\"r:20;l:20;\"\n\t\t\t\t\t\t\t\tdata-frame_1=\"st:500;sp:600;\"\n\t\t\t\t\t\t\t\tdata-frame_999=\"st:w;auto:true;\"\n\t\t\t\t\t\t\t\tstyle=\"z-index:5;background-color:rgba(0,0,0,0.42);font-family:'Arial', 'Helvetica', 'sans-serif';text-shadow:none;\"\n\t\t\t\t\t\t\t>Innovazione degli strumenti di produzione \n\t\t\t\t\t\t\t<\/rs-layer><!--\n-->\t\t\t\t\t\t<\/rs-slide>\n\t\t\t\t\t\t<rs-slide style=\"position: absolute;\" data-key=\"rs-293\" data-title=\"Slide\" data-anim=\"adpr:false;\">\n\t\t\t\t\t\t\t<img decoding=\"async\" src=\"\/\/www.javey.com\/javey\/ita\/wp-content\/plugins\/revslider\/public\/assets\/assets\/dummy.png\" alt=\"\" title=\"Studi &#038; Innovazione\" class=\"rev-slidebg tp-rs-img rs-lazyload\" data-lazyload=\"\/\/www.javey.com\/javey\/ita\/wp-content\/uploads\/sites\/3\/2015\/01\/etudes5_javey.jpg\" data-bg=\"p:center top;\" data-no-retina>\n<!--\n\t\t\t\t\t\t\t--><rs-layer\n\t\t\t\t\t\t\t\tid=\"slider-47-slide-293-layer-1\" \n\t\t\t\t\t\t\t\tclass=\"largewhitebg\"\n\t\t\t\t\t\t\t\tdata-type=\"text\"\n\t\t\t\t\t\t\t\tdata-color=\"#ffffff\"\n\t\t\t\t\t\t\t\tdata-rsp_ch=\"on\"\n\t\t\t\t\t\t\t\tdata-xy=\"x:10px;y:b;yo:10px;\"\n\t\t\t\t\t\t\t\tdata-text=\"s:20;l:40;fw:300;\"\n\t\t\t\t\t\t\t\tdata-padding=\"r:20;l:20;\"\n\t\t\t\t\t\t\t\tdata-frame_1=\"st:500;sp:600;\"\n\t\t\t\t\t\t\t\tdata-frame_999=\"st:w;auto:true;\"\n\t\t\t\t\t\t\t\tstyle=\"z-index:5;background-color:rgba(0,0,0,0.42);font-family:'Arial', 'Helvetica', 'sans-serif';text-shadow:none;\"\n\t\t\t\t\t\t\t>Un\u2019innovazione riconosciuta dal Premio nazionale Stars & M\u00e9tiers \n\t\t\t\t\t\t\t<\/rs-layer><!--\n-->\t\t\t\t\t\t<\/rs-slide>\n\t\t\t\t\t<\/rs-slides>\n\t\t\t\t<\/rs-module>\n\t\t\t\t<script>\n\t\t\t\t\tsetREVStartSize({c: 'rev_slider_47_1',rl:[1240,1024,778,480],el:[],gw:[960],gh:[350],type:'standard',justify:'',layout:'fullwidth',mh:\"350\"});if (window.RS_MODULES!==undefined && window.RS_MODULES.modules!==undefined && window.RS_MODULES.modules[\"revslider471\"]!==undefined) {window.RS_MODULES.modules[\"revslider471\"].once = false;window.revapi47 = undefined;if (window.RS_MODULES.checkMinimal!==undefined) window.RS_MODULES.checkMinimal()}\n\t\t\t\t<\/script>\n\t\t\t<\/rs-module-wrap>\n\t\t\t<!-- END REVOLUTION SLIDER -->\n\n<p>&nbsp;<\/p>\n<p style=\"text-align: justify;\"><strong><img decoding=\"async\" src=\"..\/wp-content\/uploads\/sites\/3\/2015\/04\/etudes.png\" alt=\"\" \/>L&#8217;innovazione \u00e8 nel DNA di Javey.<\/strong><\/p>\n<p align=\"JUSTIFY\">Ricerca &amp; Sviluppo, innovazioni e brevetti fanno parte del nostro quotidiano. Consideriamo ogni porta e serranda come un\u2019opera eccezionale e unica, perch\u00e9 la vostra casa, il vostro edificio, il vostro cantiere o il vostro ambiente sono unici.<\/p>\n<p align=\"JUSTIFY\">I nostri sistemi di chiusura si basano spesso su tecnologie audaci. Semplicit\u00e0 di posa in opera e di utilizzo, affidabilit\u00e0, sicurezza, design e personalizzazione sono qualit\u00e0 al 100% di JAVEY che ritroverete nella nostra gamma di prodotti.<\/p>\n<p align=\"JUSTIFY\">Garanzia di qualit\u00e0 e affidabilit\u00e0, le porte e serrande JAVEY sono testate in officina, collaudate da installatori e certificate anche da organismi indipendenti.<\/p>\n<p align=\"JUSTIFY\">Il nostro eccezionale know-how \u00e8 stato riconosciuto alla fine del 2013 dal premio nazionale Stars &amp; M\u00e9tiers per l\u2019Innovazione tecnologica, conferito dalle Banche Popolari e dalle Camere dei Mestieri e dell\u2019Artigianato.<\/p>\n","protected":false},"excerpt":{"rendered":"<p>&nbsp; L&#8217;innovazione \u00e8 nel DNA di Javey. Ricerca &amp; Sviluppo, innovazioni e brevetti fanno parte del nostro quotidiano. Consideriamo ogni porta e serranda come un\u2019opera eccezionale<span class=\"excerpt-hellip\"> [\u2026]<\/span><\/p>\n","protected":false},"author":1,"featured_media":0,"parent":0,"menu_order":0,"comment_status":"closed","ping_status":"closed","template":"","meta":{"ngg_post_thumbnail":0,"footnotes":""},"class_list":["post-2980","page","type-page","status-publish","hentry"],"aioseo_notices":[],"_links":{"self":[{"href":"https:\/\/www.javey.com\/javey\/ita\/wp-json\/wp\/v2\/pages\/2980","targetHints":{"allow":["GET"]}}],"collection":[{"href":"https:\/\/www.javey.com\/javey\/ita\/wp-json\/wp\/v2\/pages"}],"about":[{"href":"https:\/\/www.javey.com\/javey\/ita\/wp-json\/wp\/v2\/types\/page"}],"author":[{"embeddable":true,"href":"https:\/\/www.javey.com\/javey\/ita\/wp-json\/wp\/v2\/users\/1"}],"replies":[{"embeddable":true,"href":"https:\/\/www.javey.com\/javey\/ita\/wp-json\/wp\/v2\/comments?post=2980"}],"version-history":[{"count":11,"href":"https:\/\/www.javey.com\/javey\/ita\/wp-json\/wp\/v2\/pages\/2980\/revisions"}],"predecessor-version":[{"id":6973,"href":"https:\/\/www.javey.com\/javey\/ita\/wp-json\/wp\/v2\/pages\/2980\/revisions\/6973"}],"wp:attachment":[{"href":"https:\/\/www.javey.com\/javey\/ita\/wp-json\/wp\/v2\/media?parent=2980"}],"curies":[{"name":"wp","href":"https:\/\/api.w.org\/{rel}","templated":true}]}}