{"id":2936,"date":"2014-11-28T08:14:32","date_gmt":"2014-11-28T07:14:32","guid":{"rendered":"http:\/\/puntoacapo.net\/javey\/fr\/?page_id=2936"},"modified":"2025-11-20T08:45:29","modified_gmt":"2025-11-20T07:45:29","slug":"storia-di-un-successo","status":"publish","type":"page","link":"https:\/\/www.javey.com\/javey\/ita\/storia-di-un-successo\/","title":{"rendered":"Storia di un successo &#8211; Javey"},"content":{"rendered":"\n\t\t\t<!-- START storia di un successo REVOLUTION SLIDER 6.6.20 --><p class=\"rs-p-wp-fix\"><\/p>\n\t\t\t<rs-module-wrap id=\"rev_slider_3_1_wrapper\" data-source=\"gallery\" data-aimg=\"\"  style=\"visibility:hidden;background:#f35712;padding:0;margin:0px auto;margin-top:0;margin-bottom:0;\">\n\t\t\t\t<rs-module id=\"rev_slider_3_1\" style=\"\" data-version=\"6.6.20\">\n\t\t\t\t\t<rs-slides style=\"overflow: hidden; position: absolute;\">\n\t\t\t\t\t\t<rs-slide style=\"position: absolute;\" data-key=\"rs-22\" data-title=\"Slide\" data-anim=\"adpr:false;\">\n\t\t\t\t\t\t\t<img decoding=\"async\" src=\"\/\/www.javey.com\/javey\/ita\/wp-content\/plugins\/revslider\/public\/assets\/assets\/dummy.png\" alt=\"\" title=\"Storia di un successo &#8211; Javey\" class=\"rev-slidebg tp-rs-img rs-lazyload\" data-lazyload=\"\/\/www.javey.com\/javey\/ita\/wp-content\/uploads\/sites\/3\/2015\/01\/historie1ok_javey.jpg\" data-bg=\"p:center top;\" data-no-retina>\n<!---->\t\t\t\t\t\t<\/rs-slide>\n\t\t\t\t\t\t<rs-slide style=\"position: absolute;\" data-key=\"rs-5\" data-title=\"Slide\" data-anim=\"adpr:false;\">\n\t\t\t\t\t\t\t<img decoding=\"async\" src=\"\/\/www.javey.com\/javey\/ita\/wp-content\/plugins\/revslider\/public\/assets\/assets\/dummy.png\" alt=\"\" title=\"Storia di un successo &#8211; Javey\" class=\"rev-slidebg tp-rs-img rs-lazyload\" data-lazyload=\"\/\/www.javey.com\/javey\/ita\/wp-content\/uploads\/sites\/3\/2014\/11\/historie2ok_javey.jpg\" data-bg=\"p:center top;\" data-no-retina>\n<!--\n\t\t\t\t\t\t\t--><rs-layer\n\t\t\t\t\t\t\t\tid=\"slider-3-slide-5-layer-1\" \n\t\t\t\t\t\t\t\tclass=\"largewhitebg\"\n\t\t\t\t\t\t\t\tdata-type=\"text\"\n\t\t\t\t\t\t\t\tdata-color=\"#ffffff\"\n\t\t\t\t\t\t\t\tdata-rsp_ch=\"on\"\n\t\t\t\t\t\t\t\tdata-xy=\"x:10px;y:b;yo:10px;\"\n\t\t\t\t\t\t\t\tdata-text=\"s:20;l:40;fw:300;\"\n\t\t\t\t\t\t\t\tdata-padding=\"r:20;l:20;\"\n\t\t\t\t\t\t\t\tdata-frame_1=\"st:500;sp:600;\"\n\t\t\t\t\t\t\t\tdata-frame_999=\"st:w;auto:true;\"\n\t\t\t\t\t\t\t\tstyle=\"z-index:5;background-color:rgba(0,0,0,0.42);font-family:'Arial', 'Helvetica', 'sans-serif';text-shadow:none;\"\n\t\t\t\t\t\t\t>Michel JAVEY, il precursore \n\t\t\t\t\t\t\t<\/rs-layer><!--\n-->\t\t\t\t\t\t<\/rs-slide>\n\t\t\t\t\t\t<rs-slide style=\"position: absolute;\" data-key=\"rs-25\" data-title=\"Slide\" data-anim=\"adpr:false;\">\n\t\t\t\t\t\t\t<img decoding=\"async\" src=\"\/\/www.javey.com\/javey\/ita\/wp-content\/plugins\/revslider\/public\/assets\/assets\/dummy.png\" alt=\"\" title=\"Storia di un successo &#8211; Javey\" class=\"rev-slidebg tp-rs-img rs-lazyload\" data-lazyload=\"\/\/www.javey.com\/javey\/ita\/wp-content\/uploads\/sites\/3\/2014\/11\/historie3ok_javey.jpg\" data-bg=\"p:center top;\" data-no-retina>\n<!--\n\t\t\t\t\t\t\t--><rs-layer\n\t\t\t\t\t\t\t\tid=\"slider-3-slide-25-layer-1\" \n\t\t\t\t\t\t\t\tclass=\"largewhitebg\"\n\t\t\t\t\t\t\t\tdata-type=\"text\"\n\t\t\t\t\t\t\t\tdata-color=\"#ffffff\"\n\t\t\t\t\t\t\t\tdata-rsp_ch=\"on\"\n\t\t\t\t\t\t\t\tdata-xy=\"x:10px;y:b;yo:10px;\"\n\t\t\t\t\t\t\t\tdata-text=\"s:20;l:40;fw:300;\"\n\t\t\t\t\t\t\t\tdata-padding=\"r:20;l:20;\"\n\t\t\t\t\t\t\t\tdata-frame_1=\"st:500;sp:600;\"\n\t\t\t\t\t\t\t\tdata-frame_999=\"st:w;auto:true;\"\n\t\t\t\t\t\t\t\tstyle=\"z-index:5;background-color:rgba(0,0,0,0.42);font-family:'Arial', 'Helvetica', 'sans-serif';text-shadow:none;\"\n\t\t\t\t\t\t\t>1986: Creazione di Fermetures Javey \n\t\t\t\t\t\t\t<\/rs-layer><!--\n-->\t\t\t\t\t\t<\/rs-slide>\n\t\t\t\t\t\t<rs-slide style=\"position: absolute;\" data-key=\"rs-26\" data-title=\"Slide\" data-anim=\"adpr:false;\">\n\t\t\t\t\t\t\t<img decoding=\"async\" src=\"\/\/www.javey.com\/javey\/ita\/wp-content\/plugins\/revslider\/public\/assets\/assets\/dummy.png\" alt=\"\" title=\"Storia di un successo &#8211; Javey\" class=\"rev-slidebg tp-rs-img rs-lazyload\" data-lazyload=\"\/\/www.javey.com\/javey\/ita\/wp-content\/uploads\/sites\/3\/2014\/11\/historie4ok_javey.jpg\" data-bg=\"p:center top;\" data-no-retina>\n<!--\n\t\t\t\t\t\t\t--><rs-layer\n\t\t\t\t\t\t\t\tid=\"slider-3-slide-26-layer-1\" \n\t\t\t\t\t\t\t\tclass=\"largewhitebg\"\n\t\t\t\t\t\t\t\tdata-type=\"text\"\n\t\t\t\t\t\t\t\tdata-color=\"#ffffff\"\n\t\t\t\t\t\t\t\tdata-rsp_ch=\"on\"\n\t\t\t\t\t\t\t\tdata-xy=\"x:10px;y:b;yo:10px;\"\n\t\t\t\t\t\t\t\tdata-text=\"s:20;l:40;fw:300;\"\n\t\t\t\t\t\t\t\tdata-padding=\"r:20;l:20;\"\n\t\t\t\t\t\t\t\tdata-frame_1=\"st:500;sp:600;\"\n\t\t\t\t\t\t\t\tdata-frame_999=\"st:w;auto:true;\"\n\t\t\t\t\t\t\t\tstyle=\"z-index:5;background-color:rgba(0,0,0,0.42);font-family:'Arial', 'Helvetica', 'sans-serif';text-shadow:none;\"\n\t\t\t\t\t\t\t>Uno dei primi produttori francesi di porte sezionali \n\t\t\t\t\t\t\t<\/rs-layer><!--\n-->\t\t\t\t\t\t<\/rs-slide>\n\t\t\t\t\t\t<rs-slide style=\"position: absolute;\" data-key=\"rs-29\" data-title=\"Slide\" data-anim=\"adpr:false;\">\n\t\t\t\t\t\t\t<img decoding=\"async\" src=\"\/\/www.javey.com\/javey\/ita\/wp-content\/plugins\/revslider\/public\/assets\/assets\/dummy.png\" alt=\"\" title=\"Storia di un successo &#8211; Javey\" class=\"rev-slidebg tp-rs-img rs-lazyload\" data-lazyload=\"\/\/www.javey.com\/javey\/ita\/wp-content\/uploads\/sites\/3\/2014\/11\/historie5_javey.jpg\" data-bg=\"p:center top;\" data-no-retina>\n<!--\n\t\t\t\t\t\t\t--><rs-layer\n\t\t\t\t\t\t\t\tid=\"slider-3-slide-29-layer-1\" \n\t\t\t\t\t\t\t\tclass=\"largewhitebg\"\n\t\t\t\t\t\t\t\tdata-type=\"text\"\n\t\t\t\t\t\t\t\tdata-color=\"#ffffff\"\n\t\t\t\t\t\t\t\tdata-rsp_ch=\"on\"\n\t\t\t\t\t\t\t\tdata-xy=\"x:10px;y:b;yo:10px;\"\n\t\t\t\t\t\t\t\tdata-text=\"s:20;l:40;fw:300;\"\n\t\t\t\t\t\t\t\tdata-padding=\"r:20;l:20;\"\n\t\t\t\t\t\t\t\tdata-frame_1=\"st:500;sp:600;\"\n\t\t\t\t\t\t\t\tdata-frame_999=\"st:w;auto:true;\"\n\t\t\t\t\t\t\t\tstyle=\"z-index:5;background-color:rgba(0,0,0,0.42);font-family:'Arial', 'Helvetica', 'sans-serif';text-shadow:none;\"\n\t\t\t\t\t\t\t>1991: Eccezionale know-how per la fabbricazione di saracinesche metalliche \n\t\t\t\t\t\t\t<\/rs-layer><!--\n-->\t\t\t\t\t\t<\/rs-slide>\n\t\t\t\t\t\t<rs-slide style=\"position: absolute;\" data-key=\"rs-27\" data-title=\"Slide\" data-anim=\"adpr:false;\">\n\t\t\t\t\t\t\t<img decoding=\"async\" src=\"\/\/www.javey.com\/javey\/ita\/wp-content\/plugins\/revslider\/public\/assets\/assets\/dummy.png\" alt=\"\" title=\"Storia di un successo &#8211; Javey\" class=\"rev-slidebg tp-rs-img rs-lazyload\" data-lazyload=\"\/\/www.javey.com\/javey\/ita\/wp-content\/uploads\/sites\/3\/2016\/01\/historie6ok2_javey.jpg\" data-bg=\"p:center top;\" data-no-retina>\n<!--\n\t\t\t\t\t\t\t--><rs-layer\n\t\t\t\t\t\t\t\tid=\"slider-3-slide-27-layer-1\" \n\t\t\t\t\t\t\t\tclass=\"largewhitebg\"\n\t\t\t\t\t\t\t\tdata-type=\"text\"\n\t\t\t\t\t\t\t\tdata-color=\"#ffffff\"\n\t\t\t\t\t\t\t\tdata-rsp_ch=\"on\"\n\t\t\t\t\t\t\t\tdata-xy=\"x:10px;y:b;yo:10px;\"\n\t\t\t\t\t\t\t\tdata-text=\"s:20;l:40;fw:300;\"\n\t\t\t\t\t\t\t\tdata-padding=\"r:20;l:20;\"\n\t\t\t\t\t\t\t\tdata-frame_1=\"st:500;sp:600;\"\n\t\t\t\t\t\t\t\tdata-frame_999=\"st:w;auto:true;\"\n\t\t\t\t\t\t\t\tstyle=\"z-index:5;background-color:rgba(0,0,0,0.42);font-family:'Arial', 'Helvetica', 'sans-serif';text-shadow:none;\"\n\t\t\t\t\t\t\t>1992 : La R\u00e9sidentielle \n\t\t\t\t\t\t\t<\/rs-layer><!--\n-->\t\t\t\t\t\t<\/rs-slide>\n\t\t\t\t\t\t<rs-slide style=\"position: absolute;\" data-key=\"rs-28\" data-title=\"Slide\" data-anim=\"adpr:false;\">\n\t\t\t\t\t\t\t<img decoding=\"async\" src=\"\/\/www.javey.com\/javey\/ita\/wp-content\/plugins\/revslider\/public\/assets\/assets\/dummy.png\" alt=\"\" title=\"Storia di un successo &#8211; Javey\" class=\"rev-slidebg tp-rs-img rs-lazyload\" data-lazyload=\"\/\/www.javey.com\/javey\/ita\/wp-content\/uploads\/sites\/3\/2014\/11\/historie7ok_javey.jpg\" data-bg=\"p:center top;\" data-no-retina>\n<!--\n\t\t\t\t\t\t\t--><rs-layer\n\t\t\t\t\t\t\t\tid=\"slider-3-slide-28-layer-1\" \n\t\t\t\t\t\t\t\tclass=\"largewhitebg\"\n\t\t\t\t\t\t\t\tdata-type=\"text\"\n\t\t\t\t\t\t\t\tdata-color=\"#ffffff\"\n\t\t\t\t\t\t\t\tdata-rsp_ch=\"on\"\n\t\t\t\t\t\t\t\tdata-xy=\"x:10px;y:b;yo:10px;\"\n\t\t\t\t\t\t\t\tdata-text=\"s:20;l:40;fw:300;\"\n\t\t\t\t\t\t\t\tdata-padding=\"r:20;l:20;\"\n\t\t\t\t\t\t\t\tdata-frame_1=\"st:500;sp:600;\"\n\t\t\t\t\t\t\t\tdata-frame_999=\"st:w;auto:true;\"\n\t\t\t\t\t\t\t\tstyle=\"z-index:5;background-color:rgba(0,0,0,0.42);font-family:'Arial', 'Helvetica', 'sans-serif';text-shadow:none;\"\n\t\t\t\t\t\t\t>Sviluppo considerevole su tutto il territorio francese \n\t\t\t\t\t\t\t<\/rs-layer><!--\n-->\t\t\t\t\t\t<\/rs-slide>\n\t\t\t\t\t\t<rs-slide style=\"position: absolute;\" data-key=\"rs-31\" data-title=\"Slide\" data-anim=\"adpr:false;\">\n\t\t\t\t\t\t\t<img decoding=\"async\" src=\"\/\/www.javey.com\/javey\/ita\/wp-content\/plugins\/revslider\/public\/assets\/assets\/dummy.png\" alt=\"\" title=\"Storia di un successo &#8211; Javey\" class=\"rev-slidebg tp-rs-img rs-lazyload\" data-lazyload=\"\/\/www.javey.com\/javey\/ita\/wp-content\/uploads\/sites\/3\/2014\/11\/historie8ok_javey.jpg\" data-bg=\"p:center top;\" data-no-retina>\n<!--\n\t\t\t\t\t\t\t--><rs-layer\n\t\t\t\t\t\t\t\tid=\"slider-3-slide-31-layer-1\" \n\t\t\t\t\t\t\t\tclass=\"largewhitebg\"\n\t\t\t\t\t\t\t\tdata-type=\"text\"\n\t\t\t\t\t\t\t\tdata-color=\"#ffffff\"\n\t\t\t\t\t\t\t\tdata-rsp_ch=\"on\"\n\t\t\t\t\t\t\t\tdata-xy=\"x:10px;y:b;yo:10px;\"\n\t\t\t\t\t\t\t\tdata-text=\"s:20;l:40;fw:300;\"\n\t\t\t\t\t\t\t\tdata-padding=\"r:20;l:20;\"\n\t\t\t\t\t\t\t\tdata-frame_1=\"st:500;sp:600;\"\n\t\t\t\t\t\t\t\tdata-frame_999=\"st:w;auto:true;\"\n\t\t\t\t\t\t\t\tstyle=\"z-index:5;background-color:rgba(0,0,0,0.42);font-family:'Arial', 'Helvetica', 'sans-serif';text-shadow:none;\"\n\t\t\t\t\t\t\t>1995 : Invenzione della prima porta sezionale rapida \n\t\t\t\t\t\t\t<\/rs-layer><!--\n-->\t\t\t\t\t\t<\/rs-slide>\n\t\t\t\t\t\t<rs-slide style=\"position: absolute;\" data-key=\"rs-32\" data-title=\"Slide\" data-anim=\"adpr:false;\">\n\t\t\t\t\t\t\t<img decoding=\"async\" src=\"\/\/www.javey.com\/javey\/ita\/wp-content\/plugins\/revslider\/public\/assets\/assets\/dummy.png\" alt=\"\" title=\"Storia di un successo &#8211; Javey\" class=\"rev-slidebg tp-rs-img rs-lazyload\" data-lazyload=\"\/\/www.javey.com\/javey\/ita\/wp-content\/uploads\/sites\/3\/2014\/11\/historie9ok_javey.jpg\" data-bg=\"p:center top;\" data-no-retina>\n<!--\n\t\t\t\t\t\t\t--><rs-layer\n\t\t\t\t\t\t\t\tid=\"slider-3-slide-32-layer-1\" \n\t\t\t\t\t\t\t\tclass=\"largewhitebg\"\n\t\t\t\t\t\t\t\tdata-type=\"text\"\n\t\t\t\t\t\t\t\tdata-color=\"#ffffff\"\n\t\t\t\t\t\t\t\tdata-rsp_ch=\"on\"\n\t\t\t\t\t\t\t\tdata-xy=\"x:10px;y:b;yo:10px;\"\n\t\t\t\t\t\t\t\tdata-text=\"s:20;l:40;fw:300;\"\n\t\t\t\t\t\t\t\tdata-padding=\"r:20;l:20;\"\n\t\t\t\t\t\t\t\tdata-frame_1=\"st:500;sp:600;\"\n\t\t\t\t\t\t\t\tdata-frame_999=\"st:w;auto:true;\"\n\t\t\t\t\t\t\t\tstyle=\"z-index:5;background-color:rgba(0,0,0,0.42);font-family:'Arial', 'Helvetica', 'sans-serif';text-shadow:none;\"\n\t\t\t\t\t\t\t>1997 : Le saracinesche metalliche Javey sono le prime ad adeguarsi alle normative di sicurezza \n\t\t\t\t\t\t\t<\/rs-layer><!--\n-->\t\t\t\t\t\t<\/rs-slide>\n\t\t\t\t\t\t<rs-slide style=\"position: absolute;\" data-key=\"rs-33\" data-title=\"Slide\" data-anim=\"adpr:false;\">\n\t\t\t\t\t\t\t<img decoding=\"async\" src=\"\/\/www.javey.com\/javey\/ita\/wp-content\/plugins\/revslider\/public\/assets\/assets\/dummy.png\" alt=\"\" title=\"Storia di un successo &#8211; Javey\" class=\"rev-slidebg tp-rs-img rs-lazyload\" data-lazyload=\"\/\/www.javey.com\/javey\/ita\/wp-content\/uploads\/sites\/3\/2014\/11\/historie10ok_javey.jpg\" data-bg=\"p:center top;\" data-no-retina>\n<!--\n\t\t\t\t\t\t\t--><rs-layer\n\t\t\t\t\t\t\t\tid=\"slider-3-slide-33-layer-1\" \n\t\t\t\t\t\t\t\tclass=\"largewhitebg\"\n\t\t\t\t\t\t\t\tdata-type=\"text\"\n\t\t\t\t\t\t\t\tdata-color=\"#ffffff\"\n\t\t\t\t\t\t\t\tdata-rsp_ch=\"on\"\n\t\t\t\t\t\t\t\tdata-xy=\"x:10px;y:b;yo:10px;\"\n\t\t\t\t\t\t\t\tdata-text=\"s:20;l:40;fw:300;\"\n\t\t\t\t\t\t\t\tdata-padding=\"r:20;l:20;\"\n\t\t\t\t\t\t\t\tdata-frame_1=\"st:500;sp:600;\"\n\t\t\t\t\t\t\t\tdata-frame_999=\"st:w;auto:true;\"\n\t\t\t\t\t\t\t\tstyle=\"z-index:5;background-color:rgba(0,0,0,0.42);font-family:'Arial', 'Helvetica', 'sans-serif';text-shadow:none;\"\n\t\t\t\t\t\t\t>2008 : Rapha\u00ebl JAVEY diventa Presidente \n\t\t\t\t\t\t\t<\/rs-layer><!--\n-->\t\t\t\t\t\t<\/rs-slide>\n\t\t\t\t\t\t<rs-slide style=\"position: absolute;\" data-key=\"rs-34\" data-title=\"Slide\" data-anim=\"adpr:false;\">\n\t\t\t\t\t\t\t<img decoding=\"async\" src=\"\/\/www.javey.com\/javey\/ita\/wp-content\/plugins\/revslider\/public\/assets\/assets\/dummy.png\" alt=\"\" title=\"Storia di un successo &#8211; Javey\" class=\"rev-slidebg tp-rs-img rs-lazyload\" data-lazyload=\"\/\/www.javey.com\/javey\/ita\/wp-content\/uploads\/sites\/3\/2014\/11\/historie11ok_javey.jpg\" data-bg=\"p:center top;\" data-no-retina>\n<!--\n\t\t\t\t\t\t\t--><rs-layer\n\t\t\t\t\t\t\t\tid=\"slider-3-slide-34-layer-1\" \n\t\t\t\t\t\t\t\tclass=\"largewhitebg\"\n\t\t\t\t\t\t\t\tdata-type=\"text\"\n\t\t\t\t\t\t\t\tdata-color=\"#ffffff\"\n\t\t\t\t\t\t\t\tdata-rsp_ch=\"on\"\n\t\t\t\t\t\t\t\tdata-xy=\"x:10px;y:b;yo:10px;\"\n\t\t\t\t\t\t\t\tdata-text=\"s:20;l:40;fw:300;\"\n\t\t\t\t\t\t\t\tdata-padding=\"r:20;l:20;\"\n\t\t\t\t\t\t\t\tdata-frame_1=\"st:500;sp:600;\"\n\t\t\t\t\t\t\t\tdata-frame_999=\"st:w;auto:true;\"\n\t\t\t\t\t\t\t\tstyle=\"z-index:5;background-color:rgba(0,0,0,0.42);font-family:'Arial', 'Helvetica', 'sans-serif';text-shadow:none;\"\n\t\t\t\t\t\t\t>Un nuovo concept per i dispositivi di chiusura \n\t\t\t\t\t\t\t<\/rs-layer><!--\n-->\t\t\t\t\t\t<\/rs-slide>\n\t\t\t\t\t\t<rs-slide style=\"position: absolute;\" data-key=\"rs-35\" data-title=\"Slide\" data-anim=\"adpr:false;\">\n\t\t\t\t\t\t\t<img decoding=\"async\" src=\"\/\/www.javey.com\/javey\/ita\/wp-content\/plugins\/revslider\/public\/assets\/assets\/dummy.png\" alt=\"\" title=\"Storia di un successo &#8211; Javey\" class=\"rev-slidebg tp-rs-img rs-lazyload\" data-lazyload=\"\/\/www.javey.com\/javey\/ita\/wp-content\/uploads\/sites\/3\/2014\/11\/historie12ok_javey.jpg\" data-bg=\"p:center top;\" data-no-retina>\n<!--\n\t\t\t\t\t\t\t--><rs-layer\n\t\t\t\t\t\t\t\tid=\"slider-3-slide-35-layer-1\" \n\t\t\t\t\t\t\t\tclass=\"largewhitebg\"\n\t\t\t\t\t\t\t\tdata-type=\"text\"\n\t\t\t\t\t\t\t\tdata-color=\"#ffffff\"\n\t\t\t\t\t\t\t\tdata-rsp_ch=\"on\"\n\t\t\t\t\t\t\t\tdata-xy=\"x:10px;y:b;yo:10px;\"\n\t\t\t\t\t\t\t\tdata-text=\"s:20;l:40;fw:300;\"\n\t\t\t\t\t\t\t\tdata-padding=\"r:20;l:20;\"\n\t\t\t\t\t\t\t\tdata-frame_1=\"st:500;sp:600;\"\n\t\t\t\t\t\t\t\tdata-frame_999=\"st:w;auto:true;\"\n\t\t\t\t\t\t\t\tstyle=\"z-index:5;background-color:rgba(0,0,0,0.42);font-family:'Arial', 'Helvetica', 'sans-serif';text-shadow:none;\"\n\t\t\t\t\t\t\t>Le prime porte sezionali in Europa eseguite davvero su misura \n\t\t\t\t\t\t\t<\/rs-layer><!--\n-->\t\t\t\t\t\t<\/rs-slide>\n\t\t\t\t\t\t<rs-slide style=\"position: absolute;\" data-key=\"rs-36\" data-title=\"Slide\" data-anim=\"adpr:false;\">\n\t\t\t\t\t\t\t<img decoding=\"async\" src=\"\/\/www.javey.com\/javey\/ita\/wp-content\/plugins\/revslider\/public\/assets\/assets\/dummy.png\" alt=\"\" title=\"Storia di un successo &#8211; Javey\" class=\"rev-slidebg tp-rs-img rs-lazyload\" data-lazyload=\"\/\/www.javey.com\/javey\/ita\/wp-content\/uploads\/sites\/3\/2014\/11\/historie13ok_javey.jpg\" data-bg=\"p:center top;\" data-no-retina>\n<!--\n\t\t\t\t\t\t\t--><rs-layer\n\t\t\t\t\t\t\t\tid=\"slider-3-slide-36-layer-1\" \n\t\t\t\t\t\t\t\tclass=\"largewhitebg\"\n\t\t\t\t\t\t\t\tdata-type=\"text\"\n\t\t\t\t\t\t\t\tdata-color=\"#ffffff\"\n\t\t\t\t\t\t\t\tdata-rsp_ch=\"on\"\n\t\t\t\t\t\t\t\tdata-xy=\"x:10px;y:b;yo:10px;\"\n\t\t\t\t\t\t\t\tdata-text=\"s:20;l:40;fw:300;\"\n\t\t\t\t\t\t\t\tdata-padding=\"r:20;l:20;\"\n\t\t\t\t\t\t\t\tdata-frame_1=\"st:500;sp:600;\"\n\t\t\t\t\t\t\t\tdata-frame_999=\"st:w;auto:true;\"\n\t\t\t\t\t\t\t\tstyle=\"z-index:5;background-color:rgba(0,0,0,0.42);font-family:'Arial', 'Helvetica', 'sans-serif';text-shadow:none;\"\n\t\t\t\t\t\t\t>2009 : L'intelaiatura R100, per un\u2019installazione veloce dovunque \n\t\t\t\t\t\t\t<\/rs-layer><!--\n-->\t\t\t\t\t\t<\/rs-slide>\n\t\t\t\t\t\t<rs-slide style=\"position: absolute;\" data-key=\"rs-37\" data-title=\"Slide\" data-anim=\"adpr:false;\">\n\t\t\t\t\t\t\t<img decoding=\"async\" src=\"\/\/www.javey.com\/javey\/ita\/wp-content\/plugins\/revslider\/public\/assets\/assets\/dummy.png\" alt=\"\" title=\"Storia di un successo &#8211; Javey\" class=\"rev-slidebg tp-rs-img rs-lazyload\" data-lazyload=\"\/\/www.javey.com\/javey\/ita\/wp-content\/uploads\/sites\/3\/2014\/11\/historie14ok_javey.jpg\" data-bg=\"p:center top;\" data-no-retina>\n<!--\n\t\t\t\t\t\t\t--><rs-layer\n\t\t\t\t\t\t\t\tid=\"slider-3-slide-37-layer-1\" \n\t\t\t\t\t\t\t\tclass=\"largewhitebg\"\n\t\t\t\t\t\t\t\tdata-type=\"text\"\n\t\t\t\t\t\t\t\tdata-color=\"#ffffff\"\n\t\t\t\t\t\t\t\tdata-rsp_ch=\"on\"\n\t\t\t\t\t\t\t\tdata-xy=\"x:10px;y:b;yo:10px;\"\n\t\t\t\t\t\t\t\tdata-text=\"s:20;l:40;fw:300;\"\n\t\t\t\t\t\t\t\tdata-padding=\"r:20;l:20;\"\n\t\t\t\t\t\t\t\tdata-frame_1=\"st:500;sp:600;\"\n\t\t\t\t\t\t\t\tdata-frame_999=\"st:w;auto:true;\"\n\t\t\t\t\t\t\t\tstyle=\"z-index:5;background-color:rgba(0,0,0,0.42);font-family:'Arial', 'Helvetica', 'sans-serif';text-shadow:none;\"\n\t\t\t\t\t\t\t>2010 : Javey Image \n\t\t\t\t\t\t\t<\/rs-layer><!--\n-->\t\t\t\t\t\t<\/rs-slide>\n\t\t\t\t\t\t<rs-slide style=\"position: absolute;\" data-key=\"rs-38\" data-title=\"Slide\" data-anim=\"adpr:false;\">\n\t\t\t\t\t\t\t<img decoding=\"async\" src=\"\/\/www.javey.com\/javey\/ita\/wp-content\/plugins\/revslider\/public\/assets\/assets\/dummy.png\" alt=\"\" title=\"Storia di un successo &#8211; Javey\" class=\"rev-slidebg tp-rs-img rs-lazyload\" data-lazyload=\"\/\/www.javey.com\/javey\/ita\/wp-content\/uploads\/sites\/3\/2014\/11\/historie15ok_javey.jpg\" data-bg=\"p:center top;\" data-no-retina>\n<!--\n\t\t\t\t\t\t\t--><rs-layer\n\t\t\t\t\t\t\t\tid=\"slider-3-slide-38-layer-1\" \n\t\t\t\t\t\t\t\tclass=\"largewhitebg\"\n\t\t\t\t\t\t\t\tdata-type=\"text\"\n\t\t\t\t\t\t\t\tdata-color=\"#ffffff\"\n\t\t\t\t\t\t\t\tdata-rsp_ch=\"on\"\n\t\t\t\t\t\t\t\tdata-xy=\"x:10px;y:b;yo:10px;\"\n\t\t\t\t\t\t\t\tdata-text=\"s:20;l:40;fw:300;\"\n\t\t\t\t\t\t\t\tdata-padding=\"r:20;l:20;\"\n\t\t\t\t\t\t\t\tdata-frame_1=\"st:500;sp:600;\"\n\t\t\t\t\t\t\t\tdata-frame_999=\"st:w;auto:true;\"\n\t\t\t\t\t\t\t\tstyle=\"z-index:5;background-color:rgba(0,0,0,0.42);font-family:'Arial', 'Helvetica', 'sans-serif';text-shadow:none;\"\n\t\t\t\t\t\t\t>2013 : Il riconoscimento di un percorso esemplare \n\t\t\t\t\t\t\t<\/rs-layer><!--\n-->\t\t\t\t\t\t<\/rs-slide>\n\t\t\t\t\t\t<rs-slide style=\"position: absolute;\" data-key=\"rs-39\" data-title=\"Slide\" data-anim=\"adpr:false;\">\n\t\t\t\t\t\t\t<img decoding=\"async\" src=\"\/\/www.javey.com\/javey\/ita\/wp-content\/plugins\/revslider\/public\/assets\/assets\/dummy.png\" alt=\"\" title=\"Storia di un successo &#8211; Javey\" class=\"rev-slidebg tp-rs-img rs-lazyload\" data-lazyload=\"\/\/www.javey.com\/javey\/ita\/wp-content\/uploads\/sites\/3\/2014\/11\/historie17ok_javey.jpg\" data-bg=\"p:center top;\" data-no-retina>\n<!--\n\t\t\t\t\t\t\t--><rs-layer\n\t\t\t\t\t\t\t\tid=\"slider-3-slide-39-layer-1\" \n\t\t\t\t\t\t\t\tclass=\"largewhitebg\"\n\t\t\t\t\t\t\t\tdata-type=\"text\"\n\t\t\t\t\t\t\t\tdata-color=\"#ffffff\"\n\t\t\t\t\t\t\t\tdata-rsp_ch=\"on\"\n\t\t\t\t\t\t\t\tdata-xy=\"x:10px;y:b;yo:10px;\"\n\t\t\t\t\t\t\t\tdata-text=\"s:20;l:40;fw:300;\"\n\t\t\t\t\t\t\t\tdata-padding=\"r:20;l:20;\"\n\t\t\t\t\t\t\t\tdata-frame_1=\"st:500;sp:600;\"\n\t\t\t\t\t\t\t\tdata-frame_999=\"st:w;auto:true;\"\n\t\t\t\t\t\t\t\tstyle=\"z-index:5;background-color:rgba(0,0,0,0.42);font-family:'Arial', 'Helvetica', 'sans-serif';text-shadow:none;\"\n\t\t\t\t\t\t\t>Premio nazionale Stars & M\u00e9tiers \n\t\t\t\t\t\t\t<\/rs-layer><!--\n-->\t\t\t\t\t\t<\/rs-slide>\n\t\t\t\t\t\t<rs-slide style=\"position: absolute;\" data-key=\"rs-40\" data-title=\"Slide\" data-anim=\"adpr:false;\">\n\t\t\t\t\t\t\t<img decoding=\"async\" src=\"\/\/www.javey.com\/javey\/ita\/wp-content\/plugins\/revslider\/public\/assets\/assets\/dummy.png\" alt=\"\" title=\"Storia di un successo &#8211; Javey\" class=\"rev-slidebg tp-rs-img rs-lazyload\" data-lazyload=\"\/\/www.javey.com\/javey\/ita\/wp-content\/uploads\/sites\/3\/2014\/11\/historie18ok_javey.jpg\" data-bg=\"p:center top;\" data-no-retina>\n<!--\n\t\t\t\t\t\t\t--><rs-layer\n\t\t\t\t\t\t\t\tid=\"slider-3-slide-40-layer-1\" \n\t\t\t\t\t\t\t\tclass=\"largewhitebg\"\n\t\t\t\t\t\t\t\tdata-type=\"text\"\n\t\t\t\t\t\t\t\tdata-color=\"#ffffff\"\n\t\t\t\t\t\t\t\tdata-rsp_ch=\"on\"\n\t\t\t\t\t\t\t\tdata-xy=\"x:10px;y:b;yo:10px;\"\n\t\t\t\t\t\t\t\tdata-text=\"s:20;l:40;fw:300;\"\n\t\t\t\t\t\t\t\tdata-padding=\"r:20;l:20;\"\n\t\t\t\t\t\t\t\tdata-frame_1=\"st:500;sp:600;\"\n\t\t\t\t\t\t\t\tdata-frame_999=\"st:w;auto:true;\"\n\t\t\t\t\t\t\t\tstyle=\"z-index:5;background-color:rgba(0,0,0,0.42);font-family:'Arial', 'Helvetica', 'sans-serif';text-shadow:none;\"\n\t\t\t\t\t\t\t>Esportazioni in Europa e in Africa \n\t\t\t\t\t\t\t<\/rs-layer><!--\n-->\t\t\t\t\t\t<\/rs-slide>\n\t\t\t\t\t<\/rs-slides>\n\t\t\t\t<\/rs-module>\n\t\t\t\t<script>\n\t\t\t\t\tsetREVStartSize({c: 'rev_slider_3_1',rl:[1240,1024,778,480],el:[],gw:[960],gh:[350],type:'standard',justify:'',layout:'fullwidth',mh:\"350\"});if (window.RS_MODULES!==undefined && window.RS_MODULES.modules!==undefined && window.RS_MODULES.modules[\"revslider31\"]!==undefined) {window.RS_MODULES.modules[\"revslider31\"].once = false;window.revapi3 = undefined;if (window.RS_MODULES.checkMinimal!==undefined) window.RS_MODULES.checkMinimal()}\n\t\t\t\t<\/script>\n\t\t\t<\/rs-module-wrap>\n\t\t\t<!-- END REVOLUTION SLIDER -->\n\n<p style=\"text-align: justify;\"><strong><img decoding=\"async\" src=\"..\/wp-content\/uploads\/sites\/3\/2015\/04\/historie.png\" alt=\"\" \/>JAVEY, specialista del \u201csu misura\u201d, \u00e8 uno dei leader nel settore dei dispositivi di chiusura.<br \/>\nLa costante evoluzione testimonia la seriet\u00e0, il know-how e la lungimiranza della societ\u00e0 JAVEY nella comprensione dei bisogni del mercato.<\/strong><\/p>\n<p align=\"JUSTIFY\">Nel 1986, Michel JAVEY avvia la propria attivit\u00e0 con un prodotto innovativo sul mercato francese: la porta sezionale industriale.<\/p>\n<p align=\"JUSTIFY\">Nel 1991, la societ\u00e0 JAVEY progetta e fabbrica <strong>saracinesche di alta qualit\u00e0 per attivit\u00e0 commerciali<\/strong>, ampliando la propria rete commerciale dal Grand Est alla Bretagna e poi alla regione Rodano-Alpi.<\/p>\n<p align=\"JUSTIFY\">Nel 1992, l\u2019attivit\u00e0 di JAVEY si estende al settore delle porte sezionali per garage con la denominazione \u201c<strong>La R\u00e9sidentielle<\/strong>\u201d. I prodotti Javey sono commercializzati sull\u2019intero territorio francese.<\/p>\n<p align=\"JUSTIFY\">Nel 1995 Javey propone la prima <strong>porta sezionale rapida<\/strong>.<\/p>\n<p align=\"JUSTIFY\">Nel 1997, in virt\u00f9 del grande interesse di Michel JAVEY per la normalizzazione, le saracinesche metalliche Javey sono le prime ad adeguarsi alla normativa francese NFP 25-362 grazie a <strong>dispositivi di sicurezza brevettati<\/strong>.<\/p>\n<p align=\"JUSTIFY\">Il 2002 vede l\u2019<strong>industrializzazione<\/strong> della produzione delle saracinesche metalliche, con l\u2019installazione di diverse linee di profilatura e di una pressa che permette la produzione di saracinesche microforate.<\/p>\n<p align=\"JUSTIFY\">Nel 2008, alla guida della societ\u00e0 di famiglia si insedia la nuova generazione: Rapha\u00ebl, Marie-France e Ang\u00e9lique JAVEY. Rapha\u00ebl JAVEY \u00e8 il nuovo Presidente.<\/p>\n<p align=\"JUSTIFY\">La societ\u00e0 diventa il vero e proprio <strong>specialista del \u201csu misura\u201d<\/strong>, grazie alla progettazione e alla realizzazione di una linea di produzione di pannelli, unica sia a livello di ideazione che di possibilit\u00e0 di produzione.<\/p>\n<p align=\"JUSTIFY\">Il campo d\u2019azione di JAVEY si estende in <strong>Europa<\/strong>, soprattutto in Italia. La societ\u00e0 adotta una nuova immagine e un nuovo logo.<\/p>\n<p align=\"JUSTIFY\">La gamma di prodotti \u00e8 articolata in 4 settori:<\/p>\n<ul>\n<li style=\"text-align: justify;\">porte sezionali industriali e residenziali,<\/li>\n<li style=\"text-align: justify;\">porte a libro,<\/li>\n<li style=\"text-align: justify;\">porte rapide,<\/li>\n<li style=\"text-align: justify;\">serrande.<\/li>\n<\/ul>\n<p align=\"JUSTIFY\">Questa ampia gamma permette di soddisfare tutti i bisogni della maggior parte dei cantieri.<\/p>\n<p align=\"JUSTIFY\">Nel 2009, Javey commercializza l\u2019<strong>intelaiatura R100<\/strong>, studiata specificamente per le porte sezionali di scarso ingombro.<\/p>\n<p align=\"JUSTIFY\">Il 2010 \u00e8 l\u2019anno del <strong>design<\/strong>, con l\u2019aggiunta alla gamma di una vasta scelta di pannelli per porte sezionali industriali e con la presentazione su www.javey.com di diverse centinaia di modelli di serigrafie per la decorazione e la personalizzazione di porte e serrande.<\/p>\n<p align=\"JUSTIFY\">Le innovazioni si susseguono e sono ricompensate, nel 2013, dal <strong>premio nazionale Stars et M\u00e9tiers per l\u2019Innovazione tecnologica<\/strong>.<\/p>\n<p align=\"JUSTIFY\">Nel 2016, la gamma JAVEY si arricchisce con la porta di servizio e con la porta da garage a uno o due battenti HERA.<\/p>\n","protected":false},"excerpt":{"rendered":"<p>JAVEY, specialista del \u201csu misura\u201d, \u00e8 uno dei leader nel settore dei dispositivi di chiusura. La costante evoluzione testimonia la seriet\u00e0, il know-how e la lungimiranza<span class=\"excerpt-hellip\"> [\u2026]<\/span><\/p>\n","protected":false},"author":1,"featured_media":0,"parent":0,"menu_order":0,"comment_status":"closed","ping_status":"closed","template":"","meta":{"ngg_post_thumbnail":0,"footnotes":""},"class_list":["post-2936","page","type-page","status-publish","hentry"],"aioseo_notices":[],"_links":{"self":[{"href":"https:\/\/www.javey.com\/javey\/ita\/wp-json\/wp\/v2\/pages\/2936","targetHints":{"allow":["GET"]}}],"collection":[{"href":"https:\/\/www.javey.com\/javey\/ita\/wp-json\/wp\/v2\/pages"}],"about":[{"href":"https:\/\/www.javey.com\/javey\/ita\/wp-json\/wp\/v2\/types\/page"}],"author":[{"embeddable":true,"href":"https:\/\/www.javey.com\/javey\/ita\/wp-json\/wp\/v2\/users\/1"}],"replies":[{"embeddable":true,"href":"https:\/\/www.javey.com\/javey\/ita\/wp-json\/wp\/v2\/comments?post=2936"}],"version-history":[{"count":33,"href":"https:\/\/www.javey.com\/javey\/ita\/wp-json\/wp\/v2\/pages\/2936\/revisions"}],"predecessor-version":[{"id":7282,"href":"https:\/\/www.javey.com\/javey\/ita\/wp-json\/wp\/v2\/pages\/2936\/revisions\/7282"}],"wp:attachment":[{"href":"https:\/\/www.javey.com\/javey\/ita\/wp-json\/wp\/v2\/media?parent=2936"}],"curies":[{"name":"wp","href":"https:\/\/api.w.org\/{rel}","templated":true}]}}